{"id":26464,"date":"2020-08-27T08:23:10","date_gmt":"2020-08-27T08:23:10","guid":{"rendered":"https:\/\/www.iectrade.com\/?page_id=26464"},"modified":"2023-10-13T08:26:22","modified_gmt":"2023-10-13T08:26:22","slug":"privacy-policy","status":"publish","type":"page","link":"https:\/\/www.iectrade.com\/fr\/privacy-policy\/","title":{"rendered":"Privacy Policy"},"content":{"rendered":"\t\t<div data-elementor-type=\"wp-page\" data-elementor-id=\"26464\" class=\"elementor elementor-26464 elementor-12954\">\n\t\t\t\t\t\t<section class=\"elementor-section elementor-top-section elementor-element elementor-element-5923a86a elementor-section-boxed elementor-section-height-default elementor-section-height-default sc_fly_static\" data-id=\"5923a86a\" data-element_type=\"section\">\n\t\t\t\t\t\t<div class=\"elementor-container elementor-column-gap-extended\">\n\t\t\t\t\t<div class=\"elementor-column elementor-col-100 elementor-top-column elementor-element elementor-element-247a0125 sc_inner_width_none sc_content_align_inherit sc_layouts_column_icons_position_left sc_fly_static\" data-id=\"247a0125\" data-element_type=\"column\">\n\t\t\t<div class=\"elementor-widget-wrap elementor-element-populated\">\n\t\t\t\t\t\t<div class=\"elementor-element elementor-element-50222c5a sc_fly_static elementor-widget elementor-widget-spacer\" data-id=\"50222c5a\" data-element_type=\"widget\" data-widget_type=\"spacer.default\">\n\t\t\t\t<div class=\"elementor-widget-container\">\n\t\t\t\t\t<div class=\"elementor-spacer\">\n\t\t\t<div class=\"elementor-spacer-inner\"><\/div>\n\t\t<\/div>\n\t\t\t\t<\/div>\n\t\t\t\t<\/div>\n\t\t\t\t\t<\/div>\n\t\t<\/div>\n\t\t\t\t\t<\/div>\n\t\t<\/section>\n\t\t\t\t<section class=\"elementor-section elementor-top-section elementor-element elementor-element-1271115c elementor-section-boxed elementor-section-height-default elementor-section-height-default sc_fly_static\" data-id=\"1271115c\" data-element_type=\"section\" data-settings=\"{&quot;background_background&quot;:&quot;classic&quot;}\">\n\t\t\t\t\t\t<div class=\"elementor-container elementor-column-gap-extended\">\n\t\t\t\t\t<div class=\"elementor-column elementor-col-100 elementor-top-column elementor-element elementor-element-33ef6fcb sc_inner_width_none sc_content_align_inherit sc_layouts_column_icons_position_left sc_fly_static\" data-id=\"33ef6fcb\" data-element_type=\"column\">\n\t\t\t<div class=\"elementor-widget-wrap elementor-element-populated\">\n\t\t\t\t\t\t<div class=\"elementor-element elementor-element-7cd0b952 sc_fly_static elementor-widget elementor-widget-text-editor\" data-id=\"7cd0b952\" data-element_type=\"widget\" data-widget_type=\"text-editor.default\">\n\t\t\t\t<div class=\"elementor-widget-container\">\n\t\t\t\t\t\t\t<h1>INFORMATIONS AUX TERMES DE L\u2019ART. 13 DU R\u00c8GLEMENT (UE) 679\/2016<\/h1><p>Eu \u00e9gard aux donn\u00e9es \u00e0 caract\u00e8re personnel vis\u00e9es par l\u2019art. 4 alin\u00e9a 1 n. 1) du R\u00e8glement UE 679\/2016 (ci-apr\u00e8s \u00ab R\u00e8glement \u00bb) vous concernant en votre qualit\u00e9 de \u00ab personne concern\u00e9e \u00bb, l\u2019entreprise soussign\u00e9e I&amp;C Trade s.r.l., (NIF et TVA 04927090235), prise en la personne de son repr\u00e9sentant l\u00e9gal en exercice, sise \u00e0<span class=\"elementor-heading-title elementor-size-default\"> San Martino Buon Albergo (VR)<\/span>, <span class=\"elementor-heading-title elementor-size-default\">Via Ca\u2019 Nove, 1 &#8211; Int. 16<\/span>\u2013 ITALY \u2013 en sa qualit\u00e9 de \u00ab Responsable du traitement \u00bb en vertu de l\u2019art. 4 alin\u00e9a 1 n. 7) du R\u00e8glement, vous fournit les informations suivantes qui vous permettront de conna\u00eetre sa politique de confidentialit\u00e9 et de comprendre comment vos donn\u00e9es \u00e0 caract\u00e8re personnel sont g\u00e9r\u00e9es quand vous utilisez ses services sur le site <strong>www.iectrade.com<\/strong>\u00a0(ci-apr\u00e8s \u00ab\u00a0Site\u00a0\u00bb).<\/p><h2><strong>1<\/strong>.\u00a0NATURE ET TYPE DE DONN\u00c9ES COLLECT\u00c9ES ET TRAIT\u00c9ES<\/h2><p><strong>1.<\/strong><strong>1\u00a0<\/strong>Vos donn\u00e9es \u00e0 caract\u00e8re personnel en cours de traitement sont exclusivement des donn\u00e9es de navigation.<\/p><p>Les donn\u00e9es de navigation sont les donn\u00e9es personnelles dontla transmission est implicite lors de l\u2019utilisation des protocoles de communication d\u2019Internet. Ces donn\u00e9es sont utilis\u00e9es dans le seul but de tirer des informations statistiques anonymes sur l\u2019utilisation du site et pour en v\u00e9rifier le bon fonctionnement<\/p><h2><strong>2.\u00a0<\/strong>QUI EST LE RESPONSABLE DU TRAITEMENT.<\/h2><p><strong>2.1.\u00a0<\/strong>Le Responsable du traitement de vos donn\u00e9es \u00e0 caract\u00e8re personnel, en vertu de l\u2019art. 4 alin\u00e9a 1 n. 7) du R\u00e8glement, est l\u2019entreprise\u00a0<span style=\"font-family: 'DM Sans', sans-serif; font-size: 17px; font-style: normal; font-weight: 400;\">I&amp;C Trade s.r.l., (NIF et TVA 04927090235), prise en la personne de son repr\u00e9sentant l\u00e9gal en exercice, sise \u00e0 <span class=\"elementor-heading-title elementor-size-default\">37036 San Martino Buon Albergo (VR)<\/span>, <span class=\"elementor-heading-title elementor-size-default\">Via Ca\u2019 Nove, 1 &#8211; Int. 16<\/span> &#8211;<\/span>\u00a0ITALY, que vous pouvez contacter \u00e0 l\u2019adresse \u00e9lectronique\u00a0<strong>info@iectrade.com<\/strong><\/p><p><strong style=\"font-size: 17px; background-color: var(--theme-color-bg_color); color: var(--theme-color-text); letter-spacing: 0px;\">2.2.\u00a0<\/strong><span style=\"font-size: 17px; background-color: var(--theme-color-bg_color); color: var(--theme-color-text); letter-spacing: 0px;\">Nous communiquons que toute modification ou mise \u00e0 jour des informations ci-dessus seront publi\u00e9es sur le site Web du Responsable du traitement.<\/span><\/p><h2>3. FINALIT\u00c9S DU TRAITEMENT.<\/h2><p>3.1. L\u2019usage que nous entendons faire des donn\u00e9es \u00e0 caract\u00e8re personnel \u00a0a les finalit\u00e9s suivantes\u00a0: a) am\u00e9liorer l\u2019utilisation du pr\u00e9sent Site, b) permettre la navigation sur le pr\u00e9sent Site Internet.<\/p><h2>4.\u00a0FONDEMENT JURIDIQUE ET NATURE OBLIGATOIRE OU FACULTATIVE DU TRAITEMENT.<\/h2><p>Les fondements juridiques utilis\u00e9s par les Responsables de traitement pour traiter vos donn\u00e9es, selon les finalit\u00e9s mentionn\u00e9es au paragraphe 3 ci-dessus, sont les suivants\u00a0:le traitement \u00e0 cette fin est n\u00e9cessaire pour pouvoir vous fournir les services et, par cons\u00e9quent, permettre la navigation sur le pr\u00e9sent Site Internet. Vous ne devez pas obligatoirement communiquer vos donn\u00e9es \u00e0 caract\u00e8re personnel au Responsable du traitement pour cette finalit\u00e9, mais dans le cas contraire, aucun service ne pourra vous \u00eatre fourni.<\/p><h2>5.\u00a0DESTINATAIRES DE VOS DONN\u00c9ES \u00c0 CARACT\u00c8RE PERSONNEL<\/h2><p><strong>5.1\u00a0<\/strong>Pour les finalit\u00e9s d\u00e9crites au point 3 ci-dessus, les employ\u00e9s du Responsable du traitement, en leur qualit\u00e9 de personnes autoris\u00e9es au traitement des donn\u00e9es \u00e0 caract\u00e8re personnel, prendront connaissance des donn\u00e9es \u00e0 caract\u00e8re personnel trait\u00e9es.<\/p><p>De plus, pour les finalit\u00e9s d\u00e9crites au point 3 ci-dessus, vos donn\u00e9es \u00e0 caract\u00e8re personnel seront trait\u00e9es par des tiers appartenant, \u00e0 titre d\u2019exemple, aux cat\u00e9gories suivantes\u00a0:<\/p><p>organismes fournissant les services pour la gestion du syst\u00e8me informatique, y compris les services d\u2019h\u00e9bergement des serveurs et ceux de sauvegarde\u00a0;<\/p><p>organismes fournissant au Responsable du traitement des conseils fiscaux, juridiques, judiciaires et en mati\u00e8re de respect des obligations\u00a0;<\/p><p><strong>5.2 Transfert de donn\u00e9es \u00e0 caract\u00e8re personnel en dehors de l\u2019Union europ\u00e9enne<\/strong><\/p><p>Le Responsable du traitementn\u2019a pas l\u2019intention de transf\u00e9rer vos donn\u00e9es vers un pays non membre de l\u2019Union europ\u00e9enne.<\/p><h2>6.\u00a0DUR\u00c9E DE CONSERVATION DES DONN\u00c9ES COLLECT\u00c9ES ET TRAIT\u00c9ES.<\/h2><p><strong>6.<\/strong>1 Vos donn\u00e9es \u00e0 caract\u00e8re personnel seront conserv\u00e9es sur une p\u00e9riode ne d\u00e9passant pas la p\u00e9riode n\u00e9cessaire aux fins pour lesquelles elles ont \u00e9t\u00e9 collect\u00e9es et trait\u00e9es<\/p><h2><strong>7.\u00a0<\/strong>LES MODALIT\u00c9S UTILIS\u00c9ES POUR LE TRAITEMENT DE VOS DONN\u00c9ES \u00c0 CARACT\u00c8RE PERSONNEL<\/h2><p><strong>7.1\u00a0<\/strong>Dans le respect des dispositions du RGPD, vos donn\u00e9es \u00e0 caract\u00e8re personnel seront trait\u00e9es par des supports sur papier, par des outils informatiques et t\u00e9l\u00e9matiques, selon des logiques strictement li\u00e9es aux finalit\u00e9s mentionn\u00e9es, et en tout \u00e9tat de cause, selon les modalit\u00e9s aptes \u00e0 garantir la s\u00e9curit\u00e9 et la confidentialit\u00e9, conform\u00e9ment aux dispositions de l\u2019article 32 du RGPD.<\/p><h2><strong>8.\u00a0<\/strong>DROITS DE LA PERSONNE CONCERN\u00c9E.<\/h2><p><strong>8.1.\u00a0<\/strong>En ce qui concerne vos donn\u00e9es \u00e0 caract\u00e8re personnel faisant l\u2019objet d\u2019un traitement par le Responsable du traitement I&amp;C Trade s.r.l., nous vous informons que vous pouvez exercer les droits consacr\u00e9s par les articles de 15 \u00e0 21 du RGPD, et notamment\u00a0:<\/p><ul><li><strong>droit d\u2019acc\u00e8s<\/strong>\u2013 article 15 du RGPD\u00a0: droit d\u2019obtenir la confirmation que des donn\u00e9es \u00e0 caract\u00e8re personnel vous concernant sont ou ne sont pas trait\u00e9es et, lorsqu\u2019elles le sont, l\u2019acc\u00e8s auxdites donn\u00e9es \u00e0 caract\u00e8re personnel \u2013 y compris une copie de celles-ci \u2013 ainsi que les informations suivantes\u00a0:<ol><li>finalit\u00e9s du traitement\u00a0;<\/li><li>cat\u00e9gories de donn\u00e9es \u00e0 caract\u00e8re personnel concern\u00e9es\u00a0;<\/li><li>destinataires auxquels celles-ci ont \u00e9t\u00e9 ou seront communiqu\u00e9es\u00a0;<\/li><li>dur\u00e9e de conservation des donn\u00e9es ou les crit\u00e8res utilis\u00e9s\u00a0;<\/li><li>droits de la personne concern\u00e9e (rectification, effacement des donn\u00e9es \u00e0 caract\u00e8re personnel, limitation du traitement et opposition au traitement)\u00a0;<\/li><li>droit d\u2019introduire une r\u00e9clamation\u00a0;<\/li><li>lorsque les donn\u00e9es \u00e0 caract\u00e8re personnel ne sont pas collect\u00e9es aupr\u00e8s de la personne concern\u00e9e, toute information disponible quant \u00e0 leur source\u00a0;<\/li><li>existence d\u2019une prise de d\u00e9cision automatis\u00e9e, y compris le profilage\u00a0;<\/li><\/ol><\/li><li><strong>droit de rectification\u00a0<\/strong>\u2013 article 16 du RGPD\u00a0: droit d\u2019obtenir, dans les meilleurs d\u00e9lais, la rectification des donn\u00e9es \u00e0 caract\u00e8re personnel vous concernant qui sont inexactes et\/ou l\u2019int\u00e9gration des donn\u00e9es \u00e0 caract\u00e8re personnel qui sont incompl\u00e8tes\u00a0;<\/li><li><strong>droit \u00e0 l\u2019effacement (droit \u00e0 l\u2019oubli)\u00a0<\/strong>\u2013 article 17 du RGPD\u00a0: droit d\u2019obtenir l\u2019effacement, dans les meilleurs d\u00e9lais, des donn\u00e9es \u00e0 caract\u00e8re personnel vous concernant lorsque l\u2019un des motifs suivants s\u2019applique\u00a0:<\/li><\/ul><ol><li>les donn\u00e9es ne sont plus n\u00e9cessaires au regard des finalit\u00e9s pour lesquelles elles ont \u00e9t\u00e9 collect\u00e9es ou trait\u00e9es d\u2019une autre mani\u00e8re\u00a0;<\/li><li>vous retirez votre consentement et il n\u2019existe pas d\u2019autre fondement juridique au traitement\u00a0;<\/li><li>vous vous opposez au traitement des donn\u00e9es \u00e0 caract\u00e8re personnel\u00a0;<\/li><li>les donn\u00e9es ont fait l\u2019objet d\u2019un traitement illicite\u00a0;<\/li><li>les donn\u00e9es doivent \u00eatre effac\u00e9es pour respecter une obligation l\u00e9gale\u00a0;<\/li><li>les donn\u00e9es \u00e0 caract\u00e8re personnel ont \u00e9t\u00e9 collect\u00e9es dans le cadre de l\u2019offre de services de la soci\u00e9t\u00e9 de l\u2019information vis\u00e9e \u00e0 l\u2019article 8, paragraphe 1, RGPD.<\/li><\/ol><p>Le droit \u00e0 l\u2019effacement ne s\u2019applique pas dans la mesure o\u00f9 le traitement est n\u00e9cessaire pour respecter une obligation l\u00e9gale, pour ex\u00e9cuter une mission d\u2019int\u00e9r\u00eat public ou pour constater, exercer ou d\u00e9fendre des droits en justice.<\/p><ul><li><strong>droit \u00e0 la limitation du traitement<\/strong>\u2013 article 18 du RGPD\u00a0: droit d\u2019obtenir la limitation du traitement lorsque l\u2019un des \u00e9l\u00e9ments suivants s\u2019applique\u00a0:<\/li><\/ul><ol><li>l\u2019exactitude des donn\u00e9es \u00e0 caract\u00e8re personnel est contest\u00e9e par la personne concern\u00e9e\u00a0;<\/li><li>le traitement est illicite et la personne concern\u00e9e s\u2019oppose \u00e0 l\u2019effacement des donn\u00e9es \u00e0 caract\u00e8re personnel et exige \u00e0 la place la limitation de leur utilisation\u00a0;<\/li><li>les donn\u00e9es \u00e0 caract\u00e8re personnel sont n\u00e9cessaires \u00e0 la personne concern\u00e9e pour la constatation, l\u2019exercice ou la d\u00e9fense de droits en justice\u00a0;<\/li><\/ol><p>droit d\u2019opposition\u00a0: droit de vous opposer au traitement des donn\u00e9es \u00e0 caract\u00e8re personnel vous concernant, \u00e0 moins que le Responsable ne d\u00e9montre qu\u2019il existe des motifs l\u00e9gitimes pour le traitement\u00a0;<\/p><ul><li><strong>droit \u00e0 la portabilit\u00e9 des donn\u00e9es<\/strong>\u2013 article 20 du RGPD\u00a0: droit de recevoir les donn\u00e9es \u00e0 caract\u00e8re personnel vous concernant que vous avez fournies au Responsable du traitement, dans un format structur\u00e9, couramment utilis\u00e9 et lisible par machine, et le droit de transmettre ces donn\u00e9es \u00e0 un autre responsable sans que rien ne puisse y faire obstacle, lorsque le traitement est fond\u00e9 sur le consentement ou est effectu\u00e9 \u00e0 l\u2019aide de proc\u00e9d\u00e9s automatis\u00e9s. De plus le droit d\u2019obtenir que vos donn\u00e9es \u00e0 caract\u00e8re personnel soient transmises directement d\u2019un Responsable du traitement \u00e0 un autre, lorsque cela est techniquement possible\u00a0;<\/li><li><strong>droit d\u2019introduire une r\u00e9clamation<\/strong><strong>aupr\u00e8s du Contr\u00f4leur de la protection des donn\u00e9es \u00e0 caract\u00e8re personnel<\/strong>, Piazza Venezia n\u00b011, 00187, Rome (RM).<\/li><\/ul><p><strong>8.2.\u00a0<\/strong>Au terme de l\u2019art.12 alin\u00e9a 1 du R\u00e8glement, I&amp;C Trade s.r.l. s\u2019engage \u00e0 proc\u00e9der \u00e0 toute communication au titre des articles 15 \u00e0 22 du R\u00e8glement d\u2019une fa\u00e7on concise, transparente, compr\u00e9hensible et ais\u00e9ment accessible, en des termes clairs et simples. Ces informations seront fournies par \u00e9crit ou par d\u2019autres moyens y compris, lorsque c\u2019est appropri\u00e9, par voie \u00e9lectronique. Lorsque la personne concern\u00e9e en fait la demande, les informations pourront \u00eatre fournies oralement, \u00e0 condition que l\u2019identit\u00e9 de la personne concern\u00e9e soit d\u00e9montr\u00e9e par d\u2019autres moyens.<\/p><p><strong>8.3.\u00a0<\/strong>Au terme de l\u2019art.12 alin\u00e9a 3 du R\u00e8glement, le responsable du traitement s\u2019engage \u00e0 vous fournir des informations sur les mesures prises \u00e0 la suite d\u2019une demande formul\u00e9e en application des articles 15 \u00e0 22, dans les meilleurs d\u00e9lais et en tout \u00e9tat de cause dans un d\u00e9lai d\u2019un mois \u00e0 compter de la r\u00e9ception de la demande. Au besoin, ce d\u00e9lai peut \u00eatre prolong\u00e9 de deux mois, compte tenu de la complexit\u00e9 et du nombre de demandes.<\/p><p><strong>8.4.\u00a0<\/strong>Pour pouvoir exercer les droits illustr\u00e9s plus en d\u00e9tail ci-dessus, la personne concern\u00e9e peut utiliser les coordonn\u00e9es mentionn\u00e9es \u00e0 l\u2019art. 1 de ces\u00a0<em>\u00ab\u00a0Informations\u00a0\u00bb<\/em>.<\/p><p><strong>8.5.<\/strong>Aucun paiement n\u2019est exig\u00e9 pour l\u2019exercice de vos droits en tant que personne concern\u00e9e, en vertu de l\u2019article 12 du RGPD. N\u00e9anmoins, lorsque les demandes d\u2019une personne concern\u00e9e sont manifestement infond\u00e9es ou excessives, notamment en raison de leur caract\u00e8re r\u00e9p\u00e9titif, le Responsable du traitement peut exiger le paiement de frais raisonnables qui tiennent compte des co\u00fbts administratifs support\u00e9s pour g\u00e9rer ces demandes, ou refuser de donner suite \u00e0 celles-ci.<\/p><p>Nous vous informons \u00e9galement que le Responsable de traitement pourra demander que lui soient fournies des informations suppl\u00e9mentaires n\u00e9cessaires pour confirmer l\u2019identit\u00e9 de la personne concern\u00e9e.<\/p><p><b>I&amp;C Trade s.r.l.<\/b><\/p><p><strong><em>(en qualit\u00e9 de Responsable du traitement)<\/em><\/strong><\/p><p><strong><em>\u00a0<\/em><\/strong><\/p>\t\t\t\t\t\t<\/div>\n\t\t\t\t<\/div>\n\t\t\t\t\t<\/div>\n\t\t<\/div>\n\t\t\t\t\t<\/div>\n\t\t<\/section>\n\t\t\t\t<\/div>\n\t\t","protected":false},"excerpt":{"rendered":"<p>INFORMATIONS AUX TERMES DE L\u2019ART. 13 DU R\u00c8GLEMENT (UE) 679\/2016 Eu \u00e9gard aux donn\u00e9es \u00e0 caract\u00e8re personnel vis\u00e9es par l\u2019art. 4 alin\u00e9a 1 n. 1) du R\u00e8glement UE 679\/2016 (ci-apr\u00e8s&hellip;<\/p>\n","protected":false},"author":1,"featured_media":0,"parent":0,"menu_order":0,"comment_status":"closed","ping_status":"closed","template":"","meta":{"_monsterinsights_skip_tracking":false,"_monsterinsights_sitenote_active":false,"_monsterinsights_sitenote_note":"","_monsterinsights_sitenote_category":0,"footnotes":""},"class_list":["post-26464","page","type-page","status-publish","hentry"],"yoast_head":"<!-- This site is optimized with the Yoast SEO plugin v23.0 - https:\/\/yoast.com\/wordpress\/plugins\/seo\/ -->\n<title>Privacy Policy - I&amp;C Trade<\/title>\n<meta name=\"robots\" content=\"index, follow, max-snippet:-1, max-image-preview:large, max-video-preview:-1\" \/>\n<link rel=\"canonical\" href=\"https:\/\/www.iectrade.com\/fr\/privacy-policy\/\" \/>\n<meta property=\"og:locale\" content=\"fr_FR\" \/>\n<meta property=\"og:type\" content=\"article\" \/>\n<meta property=\"og:title\" content=\"Privacy Policy - I&amp;C Trade\" \/>\n<meta property=\"og:description\" content=\"INFORMATIONS AUX TERMES DE L\u2019ART. 13 DU R\u00c8GLEMENT (UE) 679\/2016 Eu \u00e9gard aux donn\u00e9es \u00e0 caract\u00e8re personnel vis\u00e9es par l\u2019art. 4 alin\u00e9a 1 n. 1) du R\u00e8glement UE 679\/2016 (ci-apr\u00e8s&hellip;\" \/>\n<meta property=\"og:url\" content=\"https:\/\/www.iectrade.com\/fr\/privacy-policy\/\" \/>\n<meta property=\"og:site_name\" content=\"I&amp;C Trade\" \/>\n<meta property=\"article:modified_time\" content=\"2023-10-13T08:26:22+00:00\" \/>\n<meta name=\"twitter:card\" content=\"summary_large_image\" \/>\n<meta name=\"twitter:label1\" content=\"Dur\u00e9e de lecture estim\u00e9e\" \/>\n\t<meta name=\"twitter:data1\" content=\"8 minutes\" \/>\n<script type=\"application\/ld+json\" class=\"yoast-schema-graph\">{\"@context\":\"https:\/\/schema.org\",\"@graph\":[{\"@type\":\"WebPage\",\"@id\":\"https:\/\/www.iectrade.com\/fr\/privacy-policy\/\",\"url\":\"https:\/\/www.iectrade.com\/fr\/privacy-policy\/\",\"name\":\"Privacy Policy - I&amp;C Trade\",\"isPartOf\":{\"@id\":\"https:\/\/www.iectrade.com\/#website\"},\"datePublished\":\"2020-08-27T08:23:10+00:00\",\"dateModified\":\"2023-10-13T08:26:22+00:00\",\"breadcrumb\":{\"@id\":\"https:\/\/www.iectrade.com\/fr\/privacy-policy\/#breadcrumb\"},\"inLanguage\":\"fr-FR\",\"potentialAction\":[{\"@type\":\"ReadAction\",\"target\":[\"https:\/\/www.iectrade.com\/fr\/privacy-policy\/\"]}]},{\"@type\":\"BreadcrumbList\",\"@id\":\"https:\/\/www.iectrade.com\/fr\/privacy-policy\/#breadcrumb\",\"itemListElement\":[{\"@type\":\"ListItem\",\"position\":1,\"name\":\"Home\",\"item\":\"https:\/\/www.iectrade.com\/fr\/\"},{\"@type\":\"ListItem\",\"position\":2,\"name\":\"Privacy Policy\"}]},{\"@type\":\"WebSite\",\"@id\":\"https:\/\/www.iectrade.com\/#website\",\"url\":\"https:\/\/www.iectrade.com\/\",\"name\":\"I&C Trade\",\"description\":\"Il tuo grossista di tessuti,  punto di riferimento del settore\",\"publisher\":{\"@id\":\"https:\/\/www.iectrade.com\/#organization\"},\"potentialAction\":[{\"@type\":\"SearchAction\",\"target\":{\"@type\":\"EntryPoint\",\"urlTemplate\":\"https:\/\/www.iectrade.com\/?s={search_term_string}\"},\"query-input\":\"required name=search_term_string\"}],\"inLanguage\":\"fr-FR\"},{\"@type\":\"Organization\",\"@id\":\"https:\/\/www.iectrade.com\/#organization\",\"name\":\"I&C Trade\",\"url\":\"https:\/\/www.iectrade.com\/\",\"logo\":{\"@type\":\"ImageObject\",\"inLanguage\":\"fr-FR\",\"@id\":\"https:\/\/www.iectrade.com\/#\/schema\/logo\/image\/\",\"url\":\"https:\/\/www.iectrade.com\/wp-content\/uploads\/2023\/06\/logo.svg\",\"contentUrl\":\"https:\/\/www.iectrade.com\/wp-content\/uploads\/2023\/06\/logo.svg\",\"width\":512,\"height\":512,\"caption\":\"I&C Trade\"},\"image\":{\"@id\":\"https:\/\/www.iectrade.com\/#\/schema\/logo\/image\/\"}}]}<\/script>\n<!-- \/ Yoast SEO plugin. -->","yoast_head_json":{"title":"Privacy Policy - I&amp;C Trade","robots":{"index":"index","follow":"follow","max-snippet":"max-snippet:-1","max-image-preview":"max-image-preview:large","max-video-preview":"max-video-preview:-1"},"canonical":"https:\/\/www.iectrade.com\/fr\/privacy-policy\/","og_locale":"fr_FR","og_type":"article","og_title":"Privacy Policy - I&amp;C Trade","og_description":"INFORMATIONS AUX TERMES DE L\u2019ART. 13 DU R\u00c8GLEMENT (UE) 679\/2016 Eu \u00e9gard aux donn\u00e9es \u00e0 caract\u00e8re personnel vis\u00e9es par l\u2019art. 4 alin\u00e9a 1 n. 1) du R\u00e8glement UE 679\/2016 (ci-apr\u00e8s&hellip;","og_url":"https:\/\/www.iectrade.com\/fr\/privacy-policy\/","og_site_name":"I&amp;C Trade","article_modified_time":"2023-10-13T08:26:22+00:00","twitter_card":"summary_large_image","twitter_misc":{"Dur\u00e9e de lecture estim\u00e9e":"8 minutes"},"schema":{"@context":"https:\/\/schema.org","@graph":[{"@type":"WebPage","@id":"https:\/\/www.iectrade.com\/fr\/privacy-policy\/","url":"https:\/\/www.iectrade.com\/fr\/privacy-policy\/","name":"Privacy Policy - I&amp;C Trade","isPartOf":{"@id":"https:\/\/www.iectrade.com\/#website"},"datePublished":"2020-08-27T08:23:10+00:00","dateModified":"2023-10-13T08:26:22+00:00","breadcrumb":{"@id":"https:\/\/www.iectrade.com\/fr\/privacy-policy\/#breadcrumb"},"inLanguage":"fr-FR","potentialAction":[{"@type":"ReadAction","target":["https:\/\/www.iectrade.com\/fr\/privacy-policy\/"]}]},{"@type":"BreadcrumbList","@id":"https:\/\/www.iectrade.com\/fr\/privacy-policy\/#breadcrumb","itemListElement":[{"@type":"ListItem","position":1,"name":"Home","item":"https:\/\/www.iectrade.com\/fr\/"},{"@type":"ListItem","position":2,"name":"Privacy Policy"}]},{"@type":"WebSite","@id":"https:\/\/www.iectrade.com\/#website","url":"https:\/\/www.iectrade.com\/","name":"I&C Trade","description":"Il tuo grossista di tessuti,  punto di riferimento del settore","publisher":{"@id":"https:\/\/www.iectrade.com\/#organization"},"potentialAction":[{"@type":"SearchAction","target":{"@type":"EntryPoint","urlTemplate":"https:\/\/www.iectrade.com\/?s={search_term_string}"},"query-input":"required name=search_term_string"}],"inLanguage":"fr-FR"},{"@type":"Organization","@id":"https:\/\/www.iectrade.com\/#organization","name":"I&C Trade","url":"https:\/\/www.iectrade.com\/","logo":{"@type":"ImageObject","inLanguage":"fr-FR","@id":"https:\/\/www.iectrade.com\/#\/schema\/logo\/image\/","url":"https:\/\/www.iectrade.com\/wp-content\/uploads\/2023\/06\/logo.svg","contentUrl":"https:\/\/www.iectrade.com\/wp-content\/uploads\/2023\/06\/logo.svg","width":512,"height":512,"caption":"I&C Trade"},"image":{"@id":"https:\/\/www.iectrade.com\/#\/schema\/logo\/image\/"}}]}},"_links":{"self":[{"href":"https:\/\/www.iectrade.com\/fr\/wp-json\/wp\/v2\/pages\/26464"}],"collection":[{"href":"https:\/\/www.iectrade.com\/fr\/wp-json\/wp\/v2\/pages"}],"about":[{"href":"https:\/\/www.iectrade.com\/fr\/wp-json\/wp\/v2\/types\/page"}],"author":[{"embeddable":true,"href":"https:\/\/www.iectrade.com\/fr\/wp-json\/wp\/v2\/users\/1"}],"replies":[{"embeddable":true,"href":"https:\/\/www.iectrade.com\/fr\/wp-json\/wp\/v2\/comments?post=26464"}],"version-history":[{"count":11,"href":"https:\/\/www.iectrade.com\/fr\/wp-json\/wp\/v2\/pages\/26464\/revisions"}],"predecessor-version":[{"id":27094,"href":"https:\/\/www.iectrade.com\/fr\/wp-json\/wp\/v2\/pages\/26464\/revisions\/27094"}],"wp:attachment":[{"href":"https:\/\/www.iectrade.com\/fr\/wp-json\/wp\/v2\/media?parent=26464"}],"curies":[{"name":"wp","href":"https:\/\/api.w.org\/{rel}","templated":true}]}}